{"id":78,"date":"2019-05-29T22:07:29","date_gmt":"2019-05-29T20:07:29","guid":{"rendered":"https:\/\/odysseyer.com\/?page_id=78"},"modified":"2019-06-03T20:42:18","modified_gmt":"2019-06-03T18:42:18","slug":"impressum","status":"publish","type":"page","link":"https:\/\/odysseyer.com\/en\/impressum\/","title":{"rendered":"Impressum"},"content":{"rendered":"<p><br> Angaben gem\u00e4\u00df \u00a7 5 TMG<br> Tamara Lenz<br> Rote Erde 1<br> 34270 Schauenburg<br> Contact<br> E-Mail: info@odysseyer.com<\/p>\n\n\n\n<p><br> Wir sind nicht bereit oder verpflichtet, an Streitbeilegungsverfahren vor einer<br> Verbraucherschlichtungsstelle teilzunehmen.<br> Haftung f\u00fcr Inhalte<br> Als Diensteanbieter sind wir gem\u00e4\u00df \u00a7 7 Abs.1 TMG f\u00fcr eigene Inhalte auf diesen Seiten nach den<br> allgemeinen Gesetzen verantwortlich. Nach \u00a7\u00a7 8 bis 10 TMG sind wir als Diensteanbieter jedoch nicht<br> verpflichtet, \u00fcbermittelte oder gespeicherte fremde Informationen zu \u00fcberwachen oder nach Umst\u00e4nden zu<br> forschen, die auf eine rechtswidrige T\u00e4tigkeit hinweisen.<br> Verpflichtungen zur Entfernung oder Sperrung der Nutzung von Informationen nach den allgemeinen<br> Gesetzen bleiben hiervon unber\u00fchrt. Eine diesbez\u00fcgliche Haftung ist jedoch erst ab dem Zeitpunkt der<br> Kenntnis einer konkreten Rechtsverletzung m\u00f6glich. Bei Bekanntwerden von entsprechenden<br> Rechtsverletzungen werden wir diese Inhalte umgehend entfernen.<br> Haftung f\u00fcr Links<br> Unser Angebot enth\u00e4lt Links zu externen Websites Dritter, auf deren Inhalte wir keinen Einfluss haben.<br> Deshalb k\u00f6nnen wir f\u00fcr diese fremden Inhalte auch keine Gew\u00e4hr \u00fcbernehmen. F\u00fcr die Inhalte der<br> verlinkten Seiten ist stets der jeweilige Anbieter oder Betreiber der Seiten verantwortlich. Die verlinkten<br> Seiten wurden zum Zeitpunkt der Verlinkung auf m\u00f6gliche Rechtsverst\u00f6\u00dfe \u00fcberpr\u00fcft. Rechtswidrige Inhalte<br> waren zum Zeitpunkt der Verlinkung nicht erkennbar.<br> Eine permanente inhaltliche Kontrolle der verlinkten Seiten ist jedoch ohne konkrete Anhaltspunkte einer<br> Rechtsverletzung nicht zumutbar. Bei Bekanntwerden von Rechtsverletzungen werden wir derartige Links<br> umgehend entfernen.<br>  <br> Urheberrecht<br> Die durch die Seitenbetreiber erstellten Inhalte und Werke auf diesen Seiten unterliegen dem deutschen<br> Urheberrecht. Die Vervielf\u00e4ltigung, Bearbeitung, Verbreitung und jede Art der Verwertung au\u00dferhalb der<br> Grenzen des Urheberrechtes bed\u00fcrfen der schriftlichen Zustimmung des jeweiligen Autors bzw. Erstellers.<br> Downloads und Kopien dieser Seite sind nur f\u00fcr den privaten, nicht kommerziellen Gebrauch gestattet.<br> Soweit die Inhalte auf dieser Seite nicht vom Betreiber erstellt wurden, werden die Urheberrechte Dritter<br> beachtet. Insbesondere werden Inhalte Dritter als solche gekennzeichnet. Sollten Sie trotzdem auf eine<br> Urheberrechtsverletzung aufmerksam werden, bitten wir um einen entsprechenden Hinweis. Bei<br> Bekanntwerden von Rechtsverletzungen werden wir derartige Inhalte umgehend entfernen.<br> Quelle:<br> eRecht24<\/p>","protected":false},"excerpt":{"rendered":"<p>Angaben gem\u00e4\u00df \u00a7 5 TMG Tamara Lenz Rote Erde 1 34270 Schauenburg Kontakt E-Mail: info@odysseyer.com Wir sind nicht bereit oder verpflichtet, an Streitbeilegungsverfahren vor einer Verbraucherschlichtungsstelle teilzunehmen. Haftung f\u00fcr Inhalte Als Diensteanbieter sind wir gem\u00e4\u00df \u00a7 7 Abs.1 TMG f\u00fcr eigene Inhalte auf diesen Seiten nach den allgemeinen Gesetzen verantwortlich. [&hellip;]<\/p>","protected":false},"author":1,"featured_media":0,"parent":0,"menu_order":0,"comment_status":"closed","ping_status":"closed","template":"","meta":[],"yoast_head":"<!-- This site is optimized with the Yoast SEO plugin v17.7.1 - https:\/\/yoast.com\/wordpress\/plugins\/seo\/ -->\n<title>Impressum - Odysseyer<\/title>\n<meta name=\"robots\" content=\"index, follow, max-snippet:-1, max-image-preview:large, max-video-preview:-1\" \/>\n<link rel=\"canonical\" href=\"https:\/\/odysseyer.com\/en\/impressum\/\" \/>\n<meta property=\"og:locale\" content=\"en_GB\" \/>\n<meta property=\"og:type\" content=\"article\" \/>\n<meta property=\"og:title\" content=\"Impressum - Odysseyer\" \/>\n<meta property=\"og:description\" content=\"Angaben gem\u00e4\u00df \u00a7 5 TMG Tamara Lenz Rote Erde 1 34270 Schauenburg Kontakt E-Mail: info@odysseyer.com Wir sind nicht bereit oder verpflichtet, an Streitbeilegungsverfahren vor einer Verbraucherschlichtungsstelle teilzunehmen. Haftung f\u00fcr Inhalte Als Diensteanbieter sind wir gem\u00e4\u00df \u00a7 7 Abs.1 TMG f\u00fcr eigene Inhalte auf diesen Seiten nach den allgemeinen Gesetzen verantwortlich. [&hellip;]\" \/>\n<meta property=\"og:url\" content=\"https:\/\/odysseyer.com\/en\/impressum\/\" \/>\n<meta property=\"og:site_name\" content=\"Odysseyer\" \/>\n<meta property=\"article:publisher\" content=\"https:\/\/www.facebook.com\/odysseyerblog\/\" \/>\n<meta property=\"article:modified_time\" content=\"2019-06-03T18:42:18+00:00\" \/>\n<meta name=\"twitter:card\" content=\"summary_large_image\" \/>\n<meta name=\"twitter:site\" content=\"@odysseyer_\" \/>\n<meta name=\"twitter:label1\" content=\"Estimated reading time\" \/>\n\t<meta name=\"twitter:data1\" content=\"2 minutes\" \/>\n<script type=\"application\/ld+json\" class=\"yoast-schema-graph\">{\"@context\":\"https:\/\/schema.org\",\"@graph\":[{\"@type\":\"WebSite\",\"@id\":\"https:\/\/odysseyer.com\/#website\",\"url\":\"https:\/\/odysseyer.com\/\",\"name\":\"Odysseyer\",\"description\":\"Reiseblog Archiv (2014-2019)\",\"potentialAction\":[{\"@type\":\"SearchAction\",\"target\":{\"@type\":\"EntryPoint\",\"urlTemplate\":\"https:\/\/odysseyer.com\/?s={search_term_string}\"},\"query-input\":\"required name=search_term_string\"}],\"inLanguage\":\"en-GB\"},{\"@type\":\"WebPage\",\"@id\":\"https:\/\/odysseyer.com\/impressum\/#webpage\",\"url\":\"https:\/\/odysseyer.com\/impressum\/\",\"name\":\"Impressum - Odysseyer\",\"isPartOf\":{\"@id\":\"https:\/\/odysseyer.com\/#website\"},\"datePublished\":\"2019-05-29T20:07:29+00:00\",\"dateModified\":\"2019-06-03T18:42:18+00:00\",\"breadcrumb\":{\"@id\":\"https:\/\/odysseyer.com\/impressum\/#breadcrumb\"},\"inLanguage\":\"en-GB\",\"potentialAction\":[{\"@type\":\"ReadAction\",\"target\":[\"https:\/\/odysseyer.com\/impressum\/\"]}]},{\"@type\":\"BreadcrumbList\",\"@id\":\"https:\/\/odysseyer.com\/impressum\/#breadcrumb\",\"itemListElement\":[{\"@type\":\"ListItem\",\"position\":1,\"name\":\"Reiseblog\",\"item\":\"https:\/\/odysseyer.com\/\"},{\"@type\":\"ListItem\",\"position\":2,\"name\":\"Impressum\"}]}]}<\/script>\n<!-- \/ Yoast SEO plugin. -->","yoast_head_json":{"title":"Impressum - Odysseyer","robots":{"index":"index","follow":"follow","max-snippet":"max-snippet:-1","max-image-preview":"max-image-preview:large","max-video-preview":"max-video-preview:-1"},"canonical":"https:\/\/odysseyer.com\/en\/impressum\/","og_locale":"en_GB","og_type":"article","og_title":"Impressum - Odysseyer","og_description":"Angaben gem\u00e4\u00df \u00a7 5 TMG Tamara Lenz Rote Erde 1 34270 Schauenburg Kontakt E-Mail: info@odysseyer.com Wir sind nicht bereit oder verpflichtet, an Streitbeilegungsverfahren vor einer Verbraucherschlichtungsstelle teilzunehmen. Haftung f\u00fcr Inhalte Als Diensteanbieter sind wir gem\u00e4\u00df \u00a7 7 Abs.1 TMG f\u00fcr eigene Inhalte auf diesen Seiten nach den allgemeinen Gesetzen verantwortlich. [&hellip;]","og_url":"https:\/\/odysseyer.com\/en\/impressum\/","og_site_name":"Odysseyer","article_publisher":"https:\/\/www.facebook.com\/odysseyerblog\/","article_modified_time":"2019-06-03T18:42:18+00:00","twitter_card":"summary_large_image","twitter_site":"@odysseyer_","twitter_misc":{"Estimated reading time":"2 minutes"},"schema":{"@context":"https:\/\/schema.org","@graph":[{"@type":"WebSite","@id":"https:\/\/odysseyer.com\/#website","url":"https:\/\/odysseyer.com\/","name":"Odysseyer","description":"Reiseblog Archiv (2014-2019)","potentialAction":[{"@type":"SearchAction","target":{"@type":"EntryPoint","urlTemplate":"https:\/\/odysseyer.com\/?s={search_term_string}"},"query-input":"required name=search_term_string"}],"inLanguage":"en-GB"},{"@type":"WebPage","@id":"https:\/\/odysseyer.com\/impressum\/#webpage","url":"https:\/\/odysseyer.com\/impressum\/","name":"Impressum - Odysseyer","isPartOf":{"@id":"https:\/\/odysseyer.com\/#website"},"datePublished":"2019-05-29T20:07:29+00:00","dateModified":"2019-06-03T18:42:18+00:00","breadcrumb":{"@id":"https:\/\/odysseyer.com\/impressum\/#breadcrumb"},"inLanguage":"en-GB","potentialAction":[{"@type":"ReadAction","target":["https:\/\/odysseyer.com\/impressum\/"]}]},{"@type":"BreadcrumbList","@id":"https:\/\/odysseyer.com\/impressum\/#breadcrumb","itemListElement":[{"@type":"ListItem","position":1,"name":"Reiseblog","item":"https:\/\/odysseyer.com\/"},{"@type":"ListItem","position":2,"name":"Impressum"}]}]}},"_links":{"self":[{"href":"https:\/\/odysseyer.com\/en\/wp-json\/wp\/v2\/pages\/78"}],"collection":[{"href":"https:\/\/odysseyer.com\/en\/wp-json\/wp\/v2\/pages"}],"about":[{"href":"https:\/\/odysseyer.com\/en\/wp-json\/wp\/v2\/types\/page"}],"author":[{"embeddable":true,"href":"https:\/\/odysseyer.com\/en\/wp-json\/wp\/v2\/users\/1"}],"replies":[{"embeddable":true,"href":"https:\/\/odysseyer.com\/en\/wp-json\/wp\/v2\/comments?post=78"}],"version-history":[{"count":3,"href":"https:\/\/odysseyer.com\/en\/wp-json\/wp\/v2\/pages\/78\/revisions"}],"predecessor-version":[{"id":103,"href":"https:\/\/odysseyer.com\/en\/wp-json\/wp\/v2\/pages\/78\/revisions\/103"}],"wp:attachment":[{"href":"https:\/\/odysseyer.com\/en\/wp-json\/wp\/v2\/media?parent=78"}],"curies":[{"name":"wp","href":"https:\/\/api.w.org\/{rel}","templated":true}]}}