{"id":64,"date":"2019-05-29T21:27:45","date_gmt":"2019-05-29T19:27:45","guid":{"rendered":"https:\/\/odysseyer.com\/?page_id=64"},"modified":"2022-02-13T20:59:55","modified_gmt":"2022-02-13T19:59:55","slug":"presse","status":"publish","type":"page","link":"https:\/\/odysseyer.com\/en\/presse\/","title":{"rendered":"PR"},"content":{"rendered":"<p><strong>I am happy to work with you!<\/strong><\/p>\n\n\n\n<p>Hi, I'm <a href=\"https:\/\/odysseyer.com\/en\/ueber-mich\/\">Tamara<\/a> and I created Odysseyer in the beginning of 2014. I live and work as a writer in Germany - and now and then abroad for some time - and process my experiences through <strong>texts, pictures and videos<\/strong> on <a href=\"https:\/\/odysseyer.com\/en\/blog\/\">this blog<\/a> and my social media accounts.<\/p>\n\n\n\n<div id=\"ez-toc-container\" class=\"ez-toc-v2_0_46 counter-hierarchy ez-toc-counter ez-toc-container-direction\">\n<div class=\"ez-toc-title-container\">\n<p class=\"ez-toc-title\"><\/p>\n<span class=\"ez-toc-title-toggle\"><\/span><\/div>\n<nav><ul class='ez-toc-list ez-toc-list-level-1' ><li class='ez-toc-page-1 ez-toc-heading-level-2'><a class=\"ez-toc-link ez-toc-heading-1\" href=\"https:\/\/odysseyer.com\/en\/presse\/#Was_bringt_Dir_eine_Zusammenarbeit_mit_Odysseyer\" title=\"What&#039;s in for you?\">What's in for you?<\/a><\/li><li class='ez-toc-page-1 ez-toc-heading-level-2'><a class=\"ez-toc-link ez-toc-heading-2\" href=\"https:\/\/odysseyer.com\/en\/presse\/#In_Zahlen_heist_das\" title=\"In numbers that means:\">In numbers that means:<\/a><\/li><li class='ez-toc-page-1 ez-toc-heading-level-2'><a class=\"ez-toc-link ez-toc-heading-3\" href=\"https:\/\/odysseyer.com\/en\/presse\/#Unsere_gemeinsame_Zielgruppe\" title=\"Our common target group\">Our common target group<\/a><\/li><li class='ez-toc-page-1 ez-toc-heading-level-2'><a class=\"ez-toc-link ez-toc-heading-4\" href=\"https:\/\/odysseyer.com\/en\/presse\/#Kooperationsmoglichkeiten\" title=\"Collaboration\">Collaboration<\/a><\/li><li class='ez-toc-page-1 ez-toc-heading-level-2'><a class=\"ez-toc-link ez-toc-heading-5\" href=\"https:\/\/odysseyer.com\/en\/presse\/#Erfolgreiche_Kooperationen\" title=\"Successful collaborations\">Successful collaborations<\/a><\/li><li class='ez-toc-page-1 ez-toc-heading-level-2'><a class=\"ez-toc-link ez-toc-heading-6\" href=\"https:\/\/odysseyer.com\/en\/presse\/#Interviews\" title=\"Interviews\">Interviews<\/a><\/li><li class='ez-toc-page-1 ez-toc-heading-level-2'><a class=\"ez-toc-link ez-toc-heading-7\" href=\"https:\/\/odysseyer.com\/en\/presse\/#Artikel_als_Gastautorin\" title=\"Guest articles\">Guest articles<\/a><\/li><li class='ez-toc-page-1 ez-toc-heading-level-2'><a class=\"ez-toc-link ez-toc-heading-8\" href=\"https:\/\/odysseyer.com\/en\/presse\/#Teilnahme_an_Gastartikeln\" title=\"Contributions\">Contributions<\/a><\/li><li class='ez-toc-page-1 ez-toc-heading-level-2'><a class=\"ez-toc-link ez-toc-heading-9\" href=\"https:\/\/odysseyer.com\/en\/presse\/#Weitere_Veroffentlichungen\" title=\"More publications\">More publications<\/a><\/li><\/ul><\/nav><\/div>\n<h2><span class=\"ez-toc-section\" id=\"Was_bringt_Dir_eine_Zusammenarbeit_mit_Odysseyer\"><\/span>What's in for you?<span class=\"ez-toc-section-end\"><\/span><\/h2>\n\n\n\n<ul><li>together we will be able to reach people in Germany, Austria and Switzerland, as well as in Australia and the US, that are interested in travelling, sustainability and a conscious lifestyle<\/li><li>my readers trust my honest opinion about destinations, equipment and accommodation<\/li><li>I put all my creativity and my passion for travelling, writing and photography into my work - I also produce exclusive content which you can use for your own channels<\/li><li>I present your brand authentically on my page<\/li><\/ul>\n\n\n\n<h2><span class=\"ez-toc-section\" id=\"In_Zahlen_heist_das\"><\/span>In numbers that means:<span class=\"ez-toc-section-end\"><\/span><\/h2>\n\n\n\n<ul><li>around 2.500 unique visitors on the blog every month<\/li><li>more than 11.000 followers on my social media accounts<\/li><li>200+ newsletter subscribers<\/li><li>100+ published articles<\/li><\/ul>\n\n\n\n<h2><span class=\"ez-toc-section\" id=\"Unsere_gemeinsame_Zielgruppe\"><\/span>Our common target group<span class=\"ez-toc-section-end\"><\/span><\/h2>\n\n\n\n<p>My readers are 49% German speaking, from <strong>Germany, Austria and Switzerland<\/strong> and 37% English speaking from <strong>the US and Australia<\/strong>. 60% of my followers are <strong>women between 25 and 44 years old.<\/strong> <\/p>\n\n\n\n<h2><span class=\"ez-toc-section\" id=\"Kooperationsmoglichkeiten\"><\/span>Collaboration<span class=\"ez-toc-section-end\"><\/span><\/h2>\n\n\n\n<p>If that sounds good to you and you think that we would fit together, I am looking forward to your message to <strong>info@odysseyer.com.<\/strong><\/p>\n\n\n\n<ul><li><strong>Sponsored posts:<\/strong> I produce unique sponsored content (texts, pictures, videos) that I publish on my blog and my social media accounts. These posts will reflect my own opinion and will be marked as advertisement. <\/li><li><strong>Redaction:<\/strong> as an Online Marketing expert, I regularly produce content for various online magazines<\/li><li><strong>Reviews:<\/strong> I am happy to visit your project, destination or product and write it about it<\/li><li><strong>Production of pictures, texts and videos:<\/strong> I also produce content for your own page <\/li><li><strong>Instagram<\/strong> <strong>takeover<\/strong><\/li><li><strong>press trips<\/strong><\/li><\/ul>\n\n\n\n<h2><span class=\"ez-toc-section\" id=\"Erfolgreiche_Kooperationen\"><\/span>Successful collaborations<span class=\"ez-toc-section-end\"><\/span><\/h2>\n\n\n\n<p>Manfrotto, Plan International, Air New Zealand, Join my trip, Novasol, Usedom Tourismus, Flightnook<\/p>\n\n\n\n<h2><span class=\"ez-toc-section\" id=\"Interviews\"><\/span>Interviews<span class=\"ez-toc-section-end\"><\/span><\/h2>\n\n\n\n<ul><li>Brauser24 &#8211; <span style=\"text-decoration: underline;\"><a aria-label=\" (opens in a new tab)\" rel=\"noreferrer noopener\" href=\"https:\/\/brauser24.de\/2018\/03\/fuer-alle-weltenbummler-der-blog-odysseyer\/\" target=\"_blank\">F\u00fcr alle Weltenbummer: Der Blog &#8222;Odysseyer&#8220;<\/a><\/span><\/li><li>Lovely for Living &#8211; <span style=\"text-decoration: underline;\"><a aria-label=\" (opens in a new tab)\" rel=\"noreferrer noopener\" href=\"http:\/\/www.lovelyforliving-mag.com\/2015\/04\/18\/mexico-ask-the-insider-tamara\/\" target=\"_blank\">Ask the insider: Tamara<\/a><\/span><\/li><\/ul>\n\n\n\n<h2><span class=\"ez-toc-section\" id=\"Artikel_als_Gastautorin\"><\/span>Guest articles<span class=\"ez-toc-section-end\"><\/span><\/h2>\n\n\n\n<ul><li>Lovely for living  &#8211; <a href=\"https:\/\/www.lovelyforliving-mag.com\/2020\/07\/21\/10-tipps-um-nachhaltiger-zu-reisen\/\">10 Tipps, um nachhaltiger zu reisen<\/a><\/li><\/ul>\n\n\n\n<h2><span class=\"ez-toc-section\" id=\"Teilnahme_an_Gastartikeln\"><\/span>Contributions<span class=\"ez-toc-section-end\"><\/span><\/h2>\n\n\n\n<ul><li>Lovely for living &#8211; <a href=\"https:\/\/www.lovelyforliving-mag.com\/2020\/06\/27\/die-schoensten-reiseziele-in-deutschland\/\">Die sch\u00f6nsten Reiseziele in Deutschland<\/a><\/li><\/ul>\n\n\n\n<h2><span class=\"ez-toc-section\" id=\"Weitere_Veroffentlichungen\"><\/span>More publications<span class=\"ez-toc-section-end\"><\/span><\/h2>\n\n\n\n<ul><li>Treaction - in weekly <a href=\"https:\/\/treaction.net\/blog\/\">blog posts<\/a> and monthly <a href=\"https:\/\/treaction.net\/newsletter\/\">newsletters<\/a> I throw out all my online marketing knowledge.<\/li><li><a href=\"https:\/\/www.four-chapter.de\/\">fourChapter<\/a> &#8211; unsere Plattform von Mamas f\u00fcr Mamas.<\/li><\/ul>\n\n\n\n<p>Wanna work on something together? Text me at info@odysseyer.com or use the <a href=\"https:\/\/odysseyer.com\/en\/kontakt\/\">contact form<\/a>. I am looking forward to our next project!<\/p>","protected":false},"excerpt":{"rendered":"<p>Ich freue mich, wenn Du mit mir arbeiten m\u00f6chtest! Hi, ich bin Tamara und habe Odysseyer Anfang 2014 gegr\u00fcndet. Ich lebe und arbeite inzwischen als selbstst\u00e4ndige Bloggerin und Autorin &#8211; haupts\u00e4chlich in Deutschland, immer mal wieder aber auch f\u00fcr l\u00e4ngere Zeit im Ausland &#8211; und verarbeite meine Erfahrungen in Form [&hellip;]<\/p>","protected":false},"author":1,"featured_media":0,"parent":0,"menu_order":0,"comment_status":"closed","ping_status":"closed","template":"","meta":[],"yoast_head":"<!-- This site is optimized with the Yoast SEO plugin v17.7.1 - https:\/\/yoast.com\/wordpress\/plugins\/seo\/ -->\n<title>PR - Odysseyer<\/title>\n<meta name=\"description\" content=\"Odysseyer PR: Kooperationsm\u00f6glichkeiten mit Odysseyer &amp; Tamara Lenz. Meine Zielgruppe, erfolgreiche Projekte, Daten &amp; Fakten zum Reiseblog Odysseyer\" \/>\n<meta name=\"robots\" content=\"index, follow, max-snippet:-1, max-image-preview:large, max-video-preview:-1\" \/>\n<link rel=\"canonical\" href=\"https:\/\/odysseyer.com\/en\/presse\/\" \/>\n<meta property=\"og:locale\" content=\"en_GB\" \/>\n<meta property=\"og:type\" content=\"article\" \/>\n<meta property=\"og:title\" content=\"PR - Odysseyer\" \/>\n<meta property=\"og:description\" content=\"Odysseyer PR: Kooperationsm\u00f6glichkeiten mit Odysseyer &amp; Tamara Lenz. Meine Zielgruppe, erfolgreiche Projekte, Daten &amp; Fakten zum Reiseblog Odysseyer\" \/>\n<meta property=\"og:url\" content=\"https:\/\/odysseyer.com\/en\/presse\/\" \/>\n<meta property=\"og:site_name\" content=\"Odysseyer\" \/>\n<meta property=\"article:publisher\" content=\"https:\/\/www.facebook.com\/odysseyerblog\/\" \/>\n<meta property=\"article:modified_time\" content=\"2022-02-13T19:59:55+00:00\" \/>\n<meta name=\"twitter:card\" content=\"summary_large_image\" \/>\n<meta name=\"twitter:site\" content=\"@odysseyer_\" \/>\n<meta name=\"twitter:label1\" content=\"Estimated reading time\" \/>\n\t<meta name=\"twitter:data1\" content=\"2 minutes\" \/>\n<script type=\"application\/ld+json\" class=\"yoast-schema-graph\">{\"@context\":\"https:\/\/schema.org\",\"@graph\":[{\"@type\":\"WebSite\",\"@id\":\"https:\/\/odysseyer.com\/#website\",\"url\":\"https:\/\/odysseyer.com\/\",\"name\":\"Odysseyer\",\"description\":\"Reiseblog Archiv (2014-2019)\",\"potentialAction\":[{\"@type\":\"SearchAction\",\"target\":{\"@type\":\"EntryPoint\",\"urlTemplate\":\"https:\/\/odysseyer.com\/?s={search_term_string}\"},\"query-input\":\"required name=search_term_string\"}],\"inLanguage\":\"en-GB\"},{\"@type\":\"WebPage\",\"@id\":\"https:\/\/odysseyer.com\/presse\/#webpage\",\"url\":\"https:\/\/odysseyer.com\/presse\/\",\"name\":\"PR - Odysseyer\",\"isPartOf\":{\"@id\":\"https:\/\/odysseyer.com\/#website\"},\"datePublished\":\"2019-05-29T19:27:45+00:00\",\"dateModified\":\"2022-02-13T19:59:55+00:00\",\"description\":\"Odysseyer PR: Kooperationsm\\u00f6glichkeiten mit Odysseyer & Tamara Lenz. Meine Zielgruppe, erfolgreiche Projekte, Daten & Fakten zum Reiseblog Odysseyer\",\"breadcrumb\":{\"@id\":\"https:\/\/odysseyer.com\/presse\/#breadcrumb\"},\"inLanguage\":\"en-GB\",\"potentialAction\":[{\"@type\":\"ReadAction\",\"target\":[\"https:\/\/odysseyer.com\/presse\/\"]}]},{\"@type\":\"BreadcrumbList\",\"@id\":\"https:\/\/odysseyer.com\/presse\/#breadcrumb\",\"itemListElement\":[{\"@type\":\"ListItem\",\"position\":1,\"name\":\"Reiseblog\",\"item\":\"https:\/\/odysseyer.com\/\"},{\"@type\":\"ListItem\",\"position\":2,\"name\":\"PR\"}]}]}<\/script>\n<!-- \/ Yoast SEO plugin. -->","yoast_head_json":{"title":"PR - Odysseyer","description":"Odysseyer PR: Kooperationsm\u00f6glichkeiten mit Odysseyer & Tamara Lenz. Meine Zielgruppe, erfolgreiche Projekte, Daten & Fakten zum Reiseblog Odysseyer","robots":{"index":"index","follow":"follow","max-snippet":"max-snippet:-1","max-image-preview":"max-image-preview:large","max-video-preview":"max-video-preview:-1"},"canonical":"https:\/\/odysseyer.com\/en\/presse\/","og_locale":"en_GB","og_type":"article","og_title":"PR - Odysseyer","og_description":"Odysseyer PR: Kooperationsm\u00f6glichkeiten mit Odysseyer & Tamara Lenz. Meine Zielgruppe, erfolgreiche Projekte, Daten & Fakten zum Reiseblog Odysseyer","og_url":"https:\/\/odysseyer.com\/en\/presse\/","og_site_name":"Odysseyer","article_publisher":"https:\/\/www.facebook.com\/odysseyerblog\/","article_modified_time":"2022-02-13T19:59:55+00:00","twitter_card":"summary_large_image","twitter_site":"@odysseyer_","twitter_misc":{"Estimated reading time":"2 minutes"},"schema":{"@context":"https:\/\/schema.org","@graph":[{"@type":"WebSite","@id":"https:\/\/odysseyer.com\/#website","url":"https:\/\/odysseyer.com\/","name":"Odysseyer","description":"Reiseblog Archiv (2014-2019)","potentialAction":[{"@type":"SearchAction","target":{"@type":"EntryPoint","urlTemplate":"https:\/\/odysseyer.com\/?s={search_term_string}"},"query-input":"required name=search_term_string"}],"inLanguage":"en-GB"},{"@type":"WebPage","@id":"https:\/\/odysseyer.com\/presse\/#webpage","url":"https:\/\/odysseyer.com\/presse\/","name":"PR - Odysseyer","isPartOf":{"@id":"https:\/\/odysseyer.com\/#website"},"datePublished":"2019-05-29T19:27:45+00:00","dateModified":"2022-02-13T19:59:55+00:00","description":"Odysseyer PR: Kooperationsm\u00f6glichkeiten mit Odysseyer & Tamara Lenz. Meine Zielgruppe, erfolgreiche Projekte, Daten & Fakten zum Reiseblog Odysseyer","breadcrumb":{"@id":"https:\/\/odysseyer.com\/presse\/#breadcrumb"},"inLanguage":"en-GB","potentialAction":[{"@type":"ReadAction","target":["https:\/\/odysseyer.com\/presse\/"]}]},{"@type":"BreadcrumbList","@id":"https:\/\/odysseyer.com\/presse\/#breadcrumb","itemListElement":[{"@type":"ListItem","position":1,"name":"Reiseblog","item":"https:\/\/odysseyer.com\/"},{"@type":"ListItem","position":2,"name":"PR"}]}]}},"_links":{"self":[{"href":"https:\/\/odysseyer.com\/en\/wp-json\/wp\/v2\/pages\/64"}],"collection":[{"href":"https:\/\/odysseyer.com\/en\/wp-json\/wp\/v2\/pages"}],"about":[{"href":"https:\/\/odysseyer.com\/en\/wp-json\/wp\/v2\/types\/page"}],"author":[{"embeddable":true,"href":"https:\/\/odysseyer.com\/en\/wp-json\/wp\/v2\/users\/1"}],"replies":[{"embeddable":true,"href":"https:\/\/odysseyer.com\/en\/wp-json\/wp\/v2\/comments?post=64"}],"version-history":[{"count":34,"href":"https:\/\/odysseyer.com\/en\/wp-json\/wp\/v2\/pages\/64\/revisions"}],"predecessor-version":[{"id":1818,"href":"https:\/\/odysseyer.com\/en\/wp-json\/wp\/v2\/pages\/64\/revisions\/1818"}],"wp:attachment":[{"href":"https:\/\/odysseyer.com\/en\/wp-json\/wp\/v2\/media?parent=64"}],"curies":[{"name":"wp","href":"https:\/\/api.w.org\/{rel}","templated":true}]}}