{"id":56,"date":"2019-05-29T21:16:24","date_gmt":"2019-05-29T19:16:24","guid":{"rendered":"https:\/\/odysseyer.com\/?page_id=56"},"modified":"2021-10-29T23:22:09","modified_gmt":"2021-10-29T21:22:09","slug":"ueber-mich","status":"publish","type":"page","link":"https:\/\/odysseyer.com\/en\/ueber-mich\/","title":{"rendered":"About"},"content":{"rendered":"<figure class=\"wp-block-image\"><img loading=\"lazy\" width=\"1024\" height=\"576\" src=\"https:\/\/odysseyer.com\/wp-content\/uploads\/2019\/09\/guanajuato-mexiko-1024x576.jpg\" alt=\"guanajuato-mexiko\" class=\"wp-image-859\" srcset=\"https:\/\/odysseyer.com\/wp-content\/uploads\/2019\/09\/guanajuato-mexiko-1024x576.jpg 1024w, https:\/\/odysseyer.com\/wp-content\/uploads\/2019\/09\/guanajuato-mexiko-300x169.jpg 300w, https:\/\/odysseyer.com\/wp-content\/uploads\/2019\/09\/guanajuato-mexiko-768x432.jpg 768w, https:\/\/odysseyer.com\/wp-content\/uploads\/2019\/09\/guanajuato-mexiko-750x422.jpg 750w\" sizes=\"(max-width: 1024px) 100vw, 1024px\" \/><\/figure>\n\n\n\n<p><strong>Hey - good that you are here!<\/strong><\/p>\n\n\n\n<p>I am Tamara, 31 years old, mum, author, nomad. My inability to spend more than a few months in the same place has taken me around the world for the past twelve years. <\/p>\n\n\n\n<p>Angefangen hat alles nach meinem Abi 2007, als ich allein nach Australien ging und fast zwei Jahre blieb. Seitdem f\u00fchle ich mich \u00fcberall zu Hause. Zwei Auslandssemester in Schweden, zwei in Mexiko und jeweils sechs Monate Praktikum in Ghana und Madrid waren die Bilanz meines Studiums. Dazwischen unz\u00e4hlige Backpacking Trips durch Asien, Europa und S\u00fcdamerika &#8211; und am Ende ein weiteres Jahr in Mexiko.<\/p>\n\n\n\n<p>During that time, writing became not only my hobby but my job. I write novels, ebooks, articles for various online magazines and of course this blog - not only about travelling, but everything that I associate with it. That means a healthy, plant based nutrition as well as sports and a sustainable lifestyle. <\/p>\n\n\n\n<p>I am a vegetarian for more than fifteen years and by now try to avoid all kinds of animal products. Sustainability and the protection of the environment are therefore not only a big part of my life, but also of <a href=\"https:\/\/odysseyer.com\/en\/blog\/\">this blog.<\/a><\/p>\n\n\n\n<p>I couldn't live without sports, even when traveling. Basically I am attracted to everything that pushes me to the limit: surfing, climbing, running... Still, I learned to appreciate yoga and meditation during the past couple of years, which gave me more stability in my daily life. <\/p>\n\n\n\n<p>Wenn es um soziale Projekte geht, arbeite ich gern langfristig mit Organisationen zusammen, zu denen ich einen pers\u00f6nlichen Bezug habe &#8211; wie Plan International in S\u00fcdamerika. Weitere Infos \u00fcber <a href=\"https:\/\/odysseyer.com\/en\/soziale-projekte\/\">projects that I got to know and how you can donate or support yourself, you will find here. <\/a><\/p>\n\n\n\n<h2>Any more questions?<\/h2>\n\n\n\n<p>Send me a text to info@odysseyer.com or use the <a href=\"https:\/\/odysseyer.com\/en\/kontakt\/\">contact form<\/a>!<\/p>\n\n\n\n<p>If you would like to work with me, look at <a href=\"https:\/\/odysseyer.com\/en\/presse\/\">former projects and possibilities to collaborate<\/a> .<\/p>","protected":false},"excerpt":{"rendered":"<p>Hi &#8211; sch\u00f6n, dass Du hier bist! Ich bin Tamara, 31 Jahre alt, Mama, Autorin, Nomadin. Meine Unf\u00e4higkeit, mehr als einige Monate am selben Ort zu verbringen, hat mich in den letzten zw\u00f6lf Jahren rund um den Globus gef\u00fchrt. Angefangen hat alles nach meinem Abi 2007, als ich allein nach [&hellip;]<\/p>","protected":false},"author":1,"featured_media":0,"parent":0,"menu_order":0,"comment_status":"closed","ping_status":"closed","template":"","meta":[],"yoast_head":"<!-- This site is optimized with the Yoast SEO plugin v17.7.1 - https:\/\/yoast.com\/wordpress\/plugins\/seo\/ -->\n<title>\u00dcber mich - Odysseyer<\/title>\n<meta name=\"description\" content=\"Hier findest Du alle Infos \u00fcber das Gesicht hinter Odysseyer, Tamara Lenz. Warum der Blog? Wie fing alles an und was ist die Motivation dahinter?\" \/>\n<meta name=\"robots\" content=\"index, follow, max-snippet:-1, max-image-preview:large, max-video-preview:-1\" \/>\n<link rel=\"canonical\" href=\"https:\/\/odysseyer.com\/en\/ueber-mich\/\" \/>\n<meta property=\"og:locale\" content=\"en_GB\" \/>\n<meta property=\"og:type\" content=\"article\" \/>\n<meta property=\"og:title\" content=\"\u00dcber mich - Odysseyer\" \/>\n<meta property=\"og:description\" content=\"Hier findest Du alle Infos \u00fcber das Gesicht hinter Odysseyer, Tamara Lenz. Warum der Blog? Wie fing alles an und was ist die Motivation dahinter?\" \/>\n<meta property=\"og:url\" content=\"https:\/\/odysseyer.com\/en\/ueber-mich\/\" \/>\n<meta property=\"og:site_name\" content=\"Odysseyer\" \/>\n<meta property=\"article:publisher\" content=\"https:\/\/www.facebook.com\/odysseyerblog\/\" \/>\n<meta property=\"article:modified_time\" content=\"2021-10-29T21:22:09+00:00\" \/>\n<meta property=\"og:image\" content=\"https:\/\/odysseyer.com\/wp-content\/uploads\/2019\/09\/guanajuato-mexiko-1024x576.jpg\" \/>\n<meta name=\"twitter:card\" content=\"summary_large_image\" \/>\n<meta name=\"twitter:site\" content=\"@odysseyer_\" \/>\n<meta name=\"twitter:label1\" content=\"Estimated reading time\" \/>\n\t<meta name=\"twitter:data1\" content=\"2 minutes\" \/>\n<script type=\"application\/ld+json\" class=\"yoast-schema-graph\">{\"@context\":\"https:\/\/schema.org\",\"@graph\":[{\"@type\":\"WebSite\",\"@id\":\"https:\/\/odysseyer.com\/#website\",\"url\":\"https:\/\/odysseyer.com\/\",\"name\":\"Odysseyer\",\"description\":\"Reiseblog Archiv (2014-2019)\",\"potentialAction\":[{\"@type\":\"SearchAction\",\"target\":{\"@type\":\"EntryPoint\",\"urlTemplate\":\"https:\/\/odysseyer.com\/?s={search_term_string}\"},\"query-input\":\"required name=search_term_string\"}],\"inLanguage\":\"en-GB\"},{\"@type\":\"ImageObject\",\"@id\":\"https:\/\/odysseyer.com\/ueber-mich\/#primaryimage\",\"inLanguage\":\"en-GB\",\"url\":\"https:\/\/odysseyer.com\/wp-content\/uploads\/2019\/09\/guanajuato-mexiko.jpg\",\"contentUrl\":\"https:\/\/odysseyer.com\/wp-content\/uploads\/2019\/09\/guanajuato-mexiko.jpg\",\"width\":2436,\"height\":1370,\"caption\":\"guanajuato-mexiko\"},{\"@type\":\"WebPage\",\"@id\":\"https:\/\/odysseyer.com\/ueber-mich\/#webpage\",\"url\":\"https:\/\/odysseyer.com\/ueber-mich\/\",\"name\":\"\\u00dcber mich - Odysseyer\",\"isPartOf\":{\"@id\":\"https:\/\/odysseyer.com\/#website\"},\"primaryImageOfPage\":{\"@id\":\"https:\/\/odysseyer.com\/ueber-mich\/#primaryimage\"},\"datePublished\":\"2019-05-29T19:16:24+00:00\",\"dateModified\":\"2021-10-29T21:22:09+00:00\",\"description\":\"Hier findest Du alle Infos \\u00fcber das Gesicht hinter Odysseyer, Tamara Lenz. Warum der Blog? Wie fing alles an und was ist die Motivation dahinter?\",\"breadcrumb\":{\"@id\":\"https:\/\/odysseyer.com\/ueber-mich\/#breadcrumb\"},\"inLanguage\":\"en-GB\",\"potentialAction\":[{\"@type\":\"ReadAction\",\"target\":[\"https:\/\/odysseyer.com\/ueber-mich\/\"]}]},{\"@type\":\"BreadcrumbList\",\"@id\":\"https:\/\/odysseyer.com\/ueber-mich\/#breadcrumb\",\"itemListElement\":[{\"@type\":\"ListItem\",\"position\":1,\"name\":\"Reiseblog\",\"item\":\"https:\/\/odysseyer.com\/\"},{\"@type\":\"ListItem\",\"position\":2,\"name\":\"\\u00dcber mich\"}]}]}<\/script>\n<!-- \/ Yoast SEO plugin. -->","yoast_head_json":{"title":"\u00dcber mich - Odysseyer","description":"Hier findest Du alle Infos \u00fcber das Gesicht hinter Odysseyer, Tamara Lenz. Warum der Blog? Wie fing alles an und was ist die Motivation dahinter?","robots":{"index":"index","follow":"follow","max-snippet":"max-snippet:-1","max-image-preview":"max-image-preview:large","max-video-preview":"max-video-preview:-1"},"canonical":"https:\/\/odysseyer.com\/en\/ueber-mich\/","og_locale":"en_GB","og_type":"article","og_title":"\u00dcber mich - Odysseyer","og_description":"Hier findest Du alle Infos \u00fcber das Gesicht hinter Odysseyer, Tamara Lenz. Warum der Blog? Wie fing alles an und was ist die Motivation dahinter?","og_url":"https:\/\/odysseyer.com\/en\/ueber-mich\/","og_site_name":"Odysseyer","article_publisher":"https:\/\/www.facebook.com\/odysseyerblog\/","article_modified_time":"2021-10-29T21:22:09+00:00","og_image":[{"url":"https:\/\/odysseyer.com\/wp-content\/uploads\/2019\/09\/guanajuato-mexiko-1024x576.jpg"}],"twitter_card":"summary_large_image","twitter_site":"@odysseyer_","twitter_misc":{"Estimated reading time":"2 minutes"},"schema":{"@context":"https:\/\/schema.org","@graph":[{"@type":"WebSite","@id":"https:\/\/odysseyer.com\/#website","url":"https:\/\/odysseyer.com\/","name":"Odysseyer","description":"Reiseblog Archiv (2014-2019)","potentialAction":[{"@type":"SearchAction","target":{"@type":"EntryPoint","urlTemplate":"https:\/\/odysseyer.com\/?s={search_term_string}"},"query-input":"required name=search_term_string"}],"inLanguage":"en-GB"},{"@type":"ImageObject","@id":"https:\/\/odysseyer.com\/ueber-mich\/#primaryimage","inLanguage":"en-GB","url":"https:\/\/odysseyer.com\/wp-content\/uploads\/2019\/09\/guanajuato-mexiko.jpg","contentUrl":"https:\/\/odysseyer.com\/wp-content\/uploads\/2019\/09\/guanajuato-mexiko.jpg","width":2436,"height":1370,"caption":"guanajuato-mexiko"},{"@type":"WebPage","@id":"https:\/\/odysseyer.com\/ueber-mich\/#webpage","url":"https:\/\/odysseyer.com\/ueber-mich\/","name":"\u00dcber mich - Odysseyer","isPartOf":{"@id":"https:\/\/odysseyer.com\/#website"},"primaryImageOfPage":{"@id":"https:\/\/odysseyer.com\/ueber-mich\/#primaryimage"},"datePublished":"2019-05-29T19:16:24+00:00","dateModified":"2021-10-29T21:22:09+00:00","description":"Hier findest Du alle Infos \u00fcber das Gesicht hinter Odysseyer, Tamara Lenz. Warum der Blog? Wie fing alles an und was ist die Motivation dahinter?","breadcrumb":{"@id":"https:\/\/odysseyer.com\/ueber-mich\/#breadcrumb"},"inLanguage":"en-GB","potentialAction":[{"@type":"ReadAction","target":["https:\/\/odysseyer.com\/ueber-mich\/"]}]},{"@type":"BreadcrumbList","@id":"https:\/\/odysseyer.com\/ueber-mich\/#breadcrumb","itemListElement":[{"@type":"ListItem","position":1,"name":"Reiseblog","item":"https:\/\/odysseyer.com\/"},{"@type":"ListItem","position":2,"name":"\u00dcber mich"}]}]}},"_links":{"self":[{"href":"https:\/\/odysseyer.com\/en\/wp-json\/wp\/v2\/pages\/56"}],"collection":[{"href":"https:\/\/odysseyer.com\/en\/wp-json\/wp\/v2\/pages"}],"about":[{"href":"https:\/\/odysseyer.com\/en\/wp-json\/wp\/v2\/types\/page"}],"author":[{"embeddable":true,"href":"https:\/\/odysseyer.com\/en\/wp-json\/wp\/v2\/users\/1"}],"replies":[{"embeddable":true,"href":"https:\/\/odysseyer.com\/en\/wp-json\/wp\/v2\/comments?post=56"}],"version-history":[{"count":69,"href":"https:\/\/odysseyer.com\/en\/wp-json\/wp\/v2\/pages\/56\/revisions"}],"predecessor-version":[{"id":1807,"href":"https:\/\/odysseyer.com\/en\/wp-json\/wp\/v2\/pages\/56\/revisions\/1807"}],"wp:attachment":[{"href":"https:\/\/odysseyer.com\/en\/wp-json\/wp\/v2\/media?parent=56"}],"curies":[{"name":"wp","href":"https:\/\/api.w.org\/{rel}","templated":true}]}}