{"id":1579,"date":"2020-06-16T22:16:08","date_gmt":"2020-06-16T20:16:08","guid":{"rendered":"https:\/\/odysseyer.com\/?page_id=1579"},"modified":"2020-06-24T11:45:43","modified_gmt":"2020-06-24T09:45:43","slug":"soziale-projekte","status":"publish","type":"page","link":"https:\/\/odysseyer.com\/en\/soziale-projekte\/","title":{"rendered":"Social Projects"},"content":{"rendered":"<p>If you want to actively support social projects on site while traveling, find out more about the projects I visited during my travels or which I support personally and how you can help yourself - even from home.<\/p>\n\n\n\n<h2>Plan International<\/h2>\n\n\n\n<p>In many countries in Africa, Asia or Latin America it is not a matter of course for children, especially girls, to attend school and thus prepare for an independent life. For some years now, I have therefore been working with Plan International, an organization that supports children in these countries and their families and communities through self-help projects. <a href=\"https:\/\/www.plan.de\/patenschaft.html\">Find out here what you can contribute.<\/a><\/p>\n\n\n\n<figure class=\"wp-block-image size-large\"><img loading=\"lazy\" width=\"800\" height=\"600\" src=\"https:\/\/odysseyer.com\/wp-content\/uploads\/2020\/06\/odysseyer-plan-international-800x600.jpg\" alt=\"odysseyer-plan-international\" class=\"wp-image-1658\" srcset=\"https:\/\/odysseyer.com\/wp-content\/uploads\/2020\/06\/odysseyer-plan-international-800x600.jpg 800w, https:\/\/odysseyer.com\/wp-content\/uploads\/2020\/06\/odysseyer-plan-international-300x225.jpg 300w, https:\/\/odysseyer.com\/wp-content\/uploads\/2020\/06\/odysseyer-plan-international-768x576.jpg 768w, https:\/\/odysseyer.com\/wp-content\/uploads\/2020\/06\/odysseyer-plan-international-1536x1152.jpg 1536w, https:\/\/odysseyer.com\/wp-content\/uploads\/2020\/06\/odysseyer-plan-international-2048x1536.jpg 2048w, https:\/\/odysseyer.com\/wp-content\/uploads\/2020\/06\/odysseyer-plan-international-750x563.jpg 750w\" sizes=\"(max-width: 800px) 100vw, 800px\" \/><\/figure>\n\n\n\n<h3>Background<\/h3>\n\n\n\n<h4>Africa<\/h4>\n\n\n\n<p>Education is the easiest way to self-help and can ensure that a whole generation can look forward to a better future. Many families cannot afford to send their child, let alone several children, to school. Mostly the girls are needed to help in the house and to cook. If girls also have the chance to get an education, they can pass this on to the children that they will raise one day. In the long run, this will change whole communities. Even small monthly amounts help to send more girls to school and your money goes directly into the local projects.<\/p>\n\n\n\n<h4>Latin America<\/h4>\n\n\n\n<p>My daughter is half-Mexican, a country where social injustice, especially towards indigenous families, is still high and where especially children from poorer families have no right to a good education. By taking over a sponsorship you help to strengthen these communities. <\/p>","protected":false},"excerpt":{"rendered":"<p>Du willst auf Deinen Reisen aktiv soziale Projekte vor Ort unterst\u00fctzen? Erfahre hier mehr \u00fcber die Projekte, die ich w\u00e4hrend meiner Reisen besucht habe oder die ich pers\u00f6nlich unterst\u00fctze und dar\u00fcber, wie Du selbst helfen kannst &#8211; auch von zu Hause aus. Plan International In vielen L\u00e4ndern Afrikas, Asiens oder [&hellip;]<\/p>","protected":false},"author":1,"featured_media":0,"parent":0,"menu_order":0,"comment_status":"closed","ping_status":"closed","template":"","meta":[],"yoast_head":"<!-- This site is optimized with the Yoast SEO plugin v17.7.1 - https:\/\/yoast.com\/wordpress\/plugins\/seo\/ -->\n<title>Soziale Projekte - Odysseyer<\/title>\n<meta name=\"description\" content=\"Du willst auf Deinen Reisen aktiv soziale Projekte vor Ort unterst\u00fctzen oder etwas \u00fcber deren Arbeit erfahren? Lies hier \u00fcber meine Erfahrungen!\" \/>\n<meta name=\"robots\" content=\"index, follow, max-snippet:-1, max-image-preview:large, max-video-preview:-1\" \/>\n<link rel=\"canonical\" href=\"https:\/\/odysseyer.com\/en\/soziale-projekte\/\" \/>\n<meta property=\"og:locale\" content=\"en_GB\" \/>\n<meta property=\"og:type\" content=\"article\" \/>\n<meta property=\"og:title\" content=\"Soziale Projekte - Odysseyer\" \/>\n<meta property=\"og:description\" content=\"Du willst auf Deinen Reisen aktiv soziale Projekte vor Ort unterst\u00fctzen oder etwas \u00fcber deren Arbeit erfahren? Lies hier \u00fcber meine Erfahrungen!\" \/>\n<meta property=\"og:url\" content=\"https:\/\/odysseyer.com\/en\/soziale-projekte\/\" \/>\n<meta property=\"og:site_name\" content=\"Odysseyer\" \/>\n<meta property=\"article:publisher\" content=\"https:\/\/www.facebook.com\/odysseyerblog\/\" \/>\n<meta property=\"article:modified_time\" content=\"2020-06-24T09:45:43+00:00\" \/>\n<meta property=\"og:image\" content=\"https:\/\/odysseyer.com\/wp-content\/uploads\/2020\/06\/odysseyer-plan-international-800x600.jpg\" \/>\n<meta name=\"twitter:card\" content=\"summary_large_image\" \/>\n<meta name=\"twitter:site\" content=\"@odysseyer_\" \/>\n<meta name=\"twitter:label1\" content=\"Estimated reading time\" \/>\n\t<meta name=\"twitter:data1\" content=\"1 minute\" \/>\n<script type=\"application\/ld+json\" class=\"yoast-schema-graph\">{\"@context\":\"https:\/\/schema.org\",\"@graph\":[{\"@type\":\"WebSite\",\"@id\":\"https:\/\/odysseyer.com\/#website\",\"url\":\"https:\/\/odysseyer.com\/\",\"name\":\"Odysseyer\",\"description\":\"Reiseblog Archiv (2014-2019)\",\"potentialAction\":[{\"@type\":\"SearchAction\",\"target\":{\"@type\":\"EntryPoint\",\"urlTemplate\":\"https:\/\/odysseyer.com\/?s={search_term_string}\"},\"query-input\":\"required name=search_term_string\"}],\"inLanguage\":\"en-GB\"},{\"@type\":\"ImageObject\",\"@id\":\"https:\/\/odysseyer.com\/soziale-projekte\/#primaryimage\",\"inLanguage\":\"en-GB\",\"url\":\"https:\/\/odysseyer.com\/wp-content\/uploads\/2020\/06\/odysseyer-plan-international-800x600.jpg\",\"contentUrl\":\"https:\/\/odysseyer.com\/wp-content\/uploads\/2020\/06\/odysseyer-plan-international-800x600.jpg\"},{\"@type\":\"WebPage\",\"@id\":\"https:\/\/odysseyer.com\/soziale-projekte\/#webpage\",\"url\":\"https:\/\/odysseyer.com\/soziale-projekte\/\",\"name\":\"Soziale Projekte - Odysseyer\",\"isPartOf\":{\"@id\":\"https:\/\/odysseyer.com\/#website\"},\"primaryImageOfPage\":{\"@id\":\"https:\/\/odysseyer.com\/soziale-projekte\/#primaryimage\"},\"datePublished\":\"2020-06-16T20:16:08+00:00\",\"dateModified\":\"2020-06-24T09:45:43+00:00\",\"description\":\"Du willst auf Deinen Reisen aktiv soziale Projekte vor Ort unterst\\u00fctzen oder etwas \\u00fcber deren Arbeit erfahren? Lies hier \\u00fcber meine Erfahrungen!\",\"breadcrumb\":{\"@id\":\"https:\/\/odysseyer.com\/soziale-projekte\/#breadcrumb\"},\"inLanguage\":\"en-GB\",\"potentialAction\":[{\"@type\":\"ReadAction\",\"target\":[\"https:\/\/odysseyer.com\/soziale-projekte\/\"]}]},{\"@type\":\"BreadcrumbList\",\"@id\":\"https:\/\/odysseyer.com\/soziale-projekte\/#breadcrumb\",\"itemListElement\":[{\"@type\":\"ListItem\",\"position\":1,\"name\":\"Reiseblog\",\"item\":\"https:\/\/odysseyer.com\/\"},{\"@type\":\"ListItem\",\"position\":2,\"name\":\"Soziale Projekte\"}]}]}<\/script>\n<!-- \/ Yoast SEO plugin. -->","yoast_head_json":{"title":"Soziale Projekte - Odysseyer","description":"Du willst auf Deinen Reisen aktiv soziale Projekte vor Ort unterst\u00fctzen oder etwas \u00fcber deren Arbeit erfahren? Lies hier \u00fcber meine Erfahrungen!","robots":{"index":"index","follow":"follow","max-snippet":"max-snippet:-1","max-image-preview":"max-image-preview:large","max-video-preview":"max-video-preview:-1"},"canonical":"https:\/\/odysseyer.com\/en\/soziale-projekte\/","og_locale":"en_GB","og_type":"article","og_title":"Soziale Projekte - Odysseyer","og_description":"Du willst auf Deinen Reisen aktiv soziale Projekte vor Ort unterst\u00fctzen oder etwas \u00fcber deren Arbeit erfahren? Lies hier \u00fcber meine Erfahrungen!","og_url":"https:\/\/odysseyer.com\/en\/soziale-projekte\/","og_site_name":"Odysseyer","article_publisher":"https:\/\/www.facebook.com\/odysseyerblog\/","article_modified_time":"2020-06-24T09:45:43+00:00","og_image":[{"url":"https:\/\/odysseyer.com\/wp-content\/uploads\/2020\/06\/odysseyer-plan-international-800x600.jpg"}],"twitter_card":"summary_large_image","twitter_site":"@odysseyer_","twitter_misc":{"Estimated reading time":"1 minute"},"schema":{"@context":"https:\/\/schema.org","@graph":[{"@type":"WebSite","@id":"https:\/\/odysseyer.com\/#website","url":"https:\/\/odysseyer.com\/","name":"Odysseyer","description":"Reiseblog Archiv (2014-2019)","potentialAction":[{"@type":"SearchAction","target":{"@type":"EntryPoint","urlTemplate":"https:\/\/odysseyer.com\/?s={search_term_string}"},"query-input":"required name=search_term_string"}],"inLanguage":"en-GB"},{"@type":"ImageObject","@id":"https:\/\/odysseyer.com\/soziale-projekte\/#primaryimage","inLanguage":"en-GB","url":"https:\/\/odysseyer.com\/wp-content\/uploads\/2020\/06\/odysseyer-plan-international-800x600.jpg","contentUrl":"https:\/\/odysseyer.com\/wp-content\/uploads\/2020\/06\/odysseyer-plan-international-800x600.jpg"},{"@type":"WebPage","@id":"https:\/\/odysseyer.com\/soziale-projekte\/#webpage","url":"https:\/\/odysseyer.com\/soziale-projekte\/","name":"Soziale Projekte - Odysseyer","isPartOf":{"@id":"https:\/\/odysseyer.com\/#website"},"primaryImageOfPage":{"@id":"https:\/\/odysseyer.com\/soziale-projekte\/#primaryimage"},"datePublished":"2020-06-16T20:16:08+00:00","dateModified":"2020-06-24T09:45:43+00:00","description":"Du willst auf Deinen Reisen aktiv soziale Projekte vor Ort unterst\u00fctzen oder etwas \u00fcber deren Arbeit erfahren? Lies hier \u00fcber meine Erfahrungen!","breadcrumb":{"@id":"https:\/\/odysseyer.com\/soziale-projekte\/#breadcrumb"},"inLanguage":"en-GB","potentialAction":[{"@type":"ReadAction","target":["https:\/\/odysseyer.com\/soziale-projekte\/"]}]},{"@type":"BreadcrumbList","@id":"https:\/\/odysseyer.com\/soziale-projekte\/#breadcrumb","itemListElement":[{"@type":"ListItem","position":1,"name":"Reiseblog","item":"https:\/\/odysseyer.com\/"},{"@type":"ListItem","position":2,"name":"Soziale Projekte"}]}]}},"_links":{"self":[{"href":"https:\/\/odysseyer.com\/en\/wp-json\/wp\/v2\/pages\/1579"}],"collection":[{"href":"https:\/\/odysseyer.com\/en\/wp-json\/wp\/v2\/pages"}],"about":[{"href":"https:\/\/odysseyer.com\/en\/wp-json\/wp\/v2\/types\/page"}],"author":[{"embeddable":true,"href":"https:\/\/odysseyer.com\/en\/wp-json\/wp\/v2\/users\/1"}],"replies":[{"embeddable":true,"href":"https:\/\/odysseyer.com\/en\/wp-json\/wp\/v2\/comments?post=1579"}],"version-history":[{"count":3,"href":"https:\/\/odysseyer.com\/en\/wp-json\/wp\/v2\/pages\/1579\/revisions"}],"predecessor-version":[{"id":1661,"href":"https:\/\/odysseyer.com\/en\/wp-json\/wp\/v2\/pages\/1579\/revisions\/1661"}],"wp:attachment":[{"href":"https:\/\/odysseyer.com\/en\/wp-json\/wp\/v2\/media?parent=1579"}],"curies":[{"name":"wp","href":"https:\/\/api.w.org\/{rel}","templated":true}]}}